{"id":224,"date":"2023-04-15T19:28:57","date_gmt":"2023-04-15T22:28:57","guid":{"rendered":"https:\/\/lavender-rabbit-523114.hostingersite.com\/portfolio\/"},"modified":"2026-04-21T16:49:30","modified_gmt":"2026-04-21T19:49:30","slug":"portfolio","status":"publish","type":"page","link":"https:\/\/buenaventurafilms.com\/en\/portfolio\/","title":{"rendered":"Portfolio"},"content":{"rendered":"<p>title: Reel<br \/>\ncontent: Showreel de Buenaventura Films, productora audiovisual en Uruguay con experiencia en proyectos publicitarios, institucionales y corporativos para marcas, empresas y organismos p\u00fablicos.<\/p>\n<p>Este reel re\u00fane una selecci\u00f3n de trabajos desarrollados en distintos formatos, incluyendo campa\u00f1as de marca, contenidos institucionales y videos corporativos.<\/p>\n<p>Nuestro enfoque combina lenguaje publicitario con una mirada narrativa y documental, priorizando el trabajo con personas reales y situaciones aut\u00e9nticas para lograr piezas claras, cercanas y efectivas.<\/p>\n<p>Desarrollamos proyectos audiovisuales de forma integral, abarcando desde el desarrollo creativo hasta la producci\u00f3n, el rodaje y la postproducci\u00f3n.<\/p>\n<p>&nbsp;<\/p>\n<p>&nbsp;<br \/>\ntitulo_alt: Showreel Buenaventura Films<br \/>\nlayout: normal<br \/>\nyear: 2025<br \/>\nagencia: Buenaventura<br \/>\ncliente:<br \/>\nrubro: Reel<br \/>\nvideo: https:\/\/player.vimeo.com\/video\/832347606?dnt=1&#038;app_id=122963<\/p>\n<p>&#8212;<\/p>\n<p>title: Loter\u00eda Uruguaya \u00abYo tambi\u00e9n gan\u00e9\u00bb<br \/>\ncontent: SPOT PUBLICITARIO<\/p>\n<p>Cliente: Direcci\u00f3n Nacional de Loter\u00edas y Quinielas<\/p>\n<p>Agencia\/Creativo: Gonzalo &#8220;Lechu&#8221; G\u00f3mez<\/p>\n<p>Direcci\u00f3n: Alejandro Michelini<\/p>\n<p>Fotograf\u00eda: Lucas Cilintano<\/p>\n<p>Producci\u00f3n: Lena Navarro<\/p>\n<p>Edici\u00f3n y Color: Buenaventura Films<\/p>\n<p>Post de audio: Mezcal<\/p>\n<p>BUENAVENTURA FILMS 2025<br \/>\ntitulo_alt: Loter\u00eda Uruguaya<br \/>\n&#8220;Yo tambi\u00e9n gan\u00e9&#8221;<br \/>\nlayout: normal<br \/>\nyear: 2025<br \/>\nagencia: Direcci\u00f3n Nacional de Loter\u00edas<br \/>\ncliente:<br \/>\nrubro: Publicidad<br \/>\nvideo: https:\/\/player.vimeo.com\/video\/1150167865?dnt=1&#038;app_id=122963<\/p>\n<p>&#8212;<\/p>\n<p>title: Saca lo mejor de vos<br \/>\ncontent: Cliente: FUCAC<\/p>\n<p>Direcci\u00f3n: Alejandro Michelini<\/p>\n<p>Fotograf\u00eda: Lucas Cilintano<\/p>\n<p>Producci\u00f3n: Lena Navarro<\/p>\n<p>Arte: M\u00f3nica Talam\u00e1s<\/p>\n<p>Agencia: Alquimia<\/p>\n<p>Postproducci\u00f3n: Buenaventura Films<\/p>\n<p>Productora de Audio: Mezcal<\/p>\n<p>Productora de Video: Buenaventura Films<\/p>\n<p>Filmado en Montevideo, Uruguay<br \/>\ntitulo_alt: VERDE &#8220;Saca lo mejor<br \/>\nde vos&#8221;<br \/>\nlayout: normal<br \/>\nyear: 2023<br \/>\nagencia: Alquimia<br \/>\ncliente: FUCAC<br \/>\nrubro: Publicidad<br \/>\nvideo: https:\/\/www.youtube.com\/embed\/fHGlmaZyNAM?feature=oembed<\/p>\n<p>&#8212;<\/p>\n<p>title: ALADI<br \/>\ncontent: ALADI \/ Asociaci\u00f3n Latinoamericana de Integraci\u00f3n<\/p>\n<p>Video Institucional<\/p>\n<p>Versi\u00f3n corta<\/p>\n<p>Direcci\u00f3n: Alejandro Michelini<\/p>\n<p>C\u00e1mara: Lucas Cilintano<\/p>\n<p>Edici\u00f3n y Correcci\u00f3n de color: Alejandro Michelini<\/p>\n<p>BUENAVENTURA FILMS 2025<br \/>\ntitulo_alt: ALADI<br \/>\nlayout: normal<br \/>\nyear: 2025<br \/>\nagencia: Buenaventura<br \/>\ncliente: ALADI<br \/>\nrubro: Video Institucional<br \/>\nvideo: https:\/\/player.vimeo.com\/video\/1093395354?dnt=1&#038;app_id=122963<\/p>\n<p>&#8212;<\/p>\n<p>title: Verde<br \/>\ncontent: Cliente: VERDE<\/p>\n<p>Direcci\u00f3n: Alejandro Michelini<\/p>\n<p>Fotograf\u00eda: Lucas Cilintano<\/p>\n<p>Producci\u00f3n: Lena Navarro<\/p>\n<p>Arte: M\u00f3nica Talam\u00e1s<\/p>\n<p>Agencia: Alquimia<\/p>\n<p>Postproducci\u00f3n: Buenaventura Films<\/p>\n<p>Productora de Audio: Mezcal<\/p>\n<p>Productora de Video: Buenaventura Films<\/p>\n<p>Filmado en Montevideo, Uruguay<br \/>\ntitulo_alt: FUCAC ahora es VERDE<br \/>\nlayout: normal<br \/>\nyear: 2022<br \/>\nagencia: Alquimia<br \/>\ncliente: Verde<br \/>\nrubro: Publicidad<br \/>\nvideo: https:\/\/www.youtube.com\/embed\/tzrB6qEOQHE?feature=oembed<\/p>\n<p>&#8212;<\/p>\n<p>title: 100 Bellotas<br \/>\ncontent: Cliente: 100 Bellotas<\/p>\n<p>Direcci\u00f3n: Alejandro Michelini<\/p>\n<p>Fotograf\u00eda: Lucas Cilintano<\/p>\n<p>Producci\u00f3n: Lena Navarro<\/p>\n<p>Arte: M\u00f3nica Talam\u00e1s<\/p>\n<p>Agencia: Souza &amp; Mesa<\/p>\n<p>Postproducci\u00f3n: Buenaventura Films<\/p>\n<p>Productora de Video: Buenaventura Films<\/p>\n<p>Filmado en Montevideo, Uruguay<br \/>\ntitulo_alt: Jamones &#8220;100 Bellotas&#8221;<br \/>\nlayout: normal<br \/>\nyear: 2023<br \/>\nagencia: Souza &amp; Mesa<br \/>\ncliente: 100 Bellotas<br \/>\nrubro: Publicidad<br \/>\nvideo: https:\/\/player.vimeo.com\/video\/768271220?dnt=1&#038;app_id=122963<\/p>\n<p>&#8212;<\/p>\n<p>title: Servicio de Producci\u00f3n<br \/>\ncontent: Servicio de producci\u00f3n para Rai Tre (Italia): La Citt\u00e0 Ideale<\/p>\n<p>Productora ejecutiva: Rai Cultura \u2013 Cultura ed Educational<br \/>\nConducci\u00f3n: Massimiliano Ossini<br \/>\nFormato: Programa televisivo documental<br \/>\nDuraci\u00f3n de cada episodio: 30 minutos aprox.<br \/>\nEstreno: 27 de diciembre de 2025<\/p>\n<p>Equipo de Producci\u00f3n<\/p>\n<p>Italia \u2013 Rai Cultura (Cultura ed Educational)<br \/>\nAlejandro Michelini \u2013 Jefe de Producci\u00f3n<br \/>\nLena Navarro &#8211; Asistencia de Producci\u00f3n<br \/>\nMarina Mancusi \u2013 Productora Ejecutiva<br \/>\nArianna Ciulla \u2013 Producci\u00f3n<br \/>\nMassimiliano Ossini \u2013 Conducci\u00f3n<\/p>\n<p>Uruguay \u2013 Buenaventura Films<br \/>\n2025<br \/>\ntitulo_alt: Rai Italia &#8211; &#8220;Citt\u00e0 Ideale, Uruguay&#8221;<br \/>\nlayout: normal<br \/>\nyear: 2025<br \/>\nagencia: Buenaventura<br \/>\ncliente: RAI TV Italia<br \/>\nrubro: Producci\u00f3n<br \/>\nvideo: https:\/\/www.youtube.com\/embed\/7wn1-5ghIjs?feature=oembed<\/p>\n<p>&#8212;<\/p>\n<p>title: Faraday Lab<br \/>\ncontent: VIDEO TESTIMONIAL INSTITUCIONAL<br \/>\nCliente: Ministerio de Industria y Energ\u00eda del Uruguay<br \/>\nProducto: Ganadores del premio &#8220;Uruguay Circular 2025&#8221;<br \/>\nCaso: Faraday Lab<br \/>\nDirecci\u00f3n y Montaje: Alejandro Michelini<br \/>\nFotograf\u00eda: Lucas Cilintano<br \/>\nProducci\u00f3n: Lena Navarro<br \/>\nCorrecci\u00f3n de Color: Buenaventura Films<\/p>\n<p>BUENAVENTURA FILMS 2026<br \/>\ntitulo_alt: Faraday Lab<br \/>\nlayout: normal<br \/>\nyear: 2026<br \/>\nagencia: MIEM Uruguay<br \/>\ncliente: Gobierno del Uruguay<br \/>\nrubro: Video Testimonial<br \/>\nvideo: https:\/\/player.vimeo.com\/video\/1175280631?dnt=1&#038;app_id=122963<\/p>\n<p>&#8212;<\/p>\n<p>title: Vinos \u00abLos Cerros de San Juan\u00bb<br \/>\ncontent: Cliente: Los Cerros de San Juan<\/p>\n<p>Direcci\u00f3n: Alejandro Michelini<\/p>\n<p>Fotograf\u00eda: Lucas Cilintano<\/p>\n<p>Producci\u00f3n: Lena Navarro<\/p>\n<p>Arte: M\u00f3nica Talam\u00e1s<\/p>\n<p>Agencia: Alquimia<\/p>\n<p>Postproducci\u00f3n: Buenaventura Films<\/p>\n<p>Productora de Video: Buenaventura Films<\/p>\n<p>Filmaci\u00f3n: Estudio Diego Machado<\/p>\n<p>Montevideo, Uruguay<br \/>\ntitulo_alt: Vinos &#8220;Los Cerros de San Juan&#8221;<br \/>\nlayout: normal<br \/>\nyear: 2023<br \/>\nagencia: Souza &amp; Mesa<br \/>\ncliente:<br \/>\nrubro: Publicidad<br \/>\nvideo: https:\/\/player.vimeo.com\/video\/834449791?dnt=1&#038;app_id=122963<\/p>\n<p>&#8212;<\/p>\n<p>title: M\u00e1s Monto<br \/>\ncontent:<br \/>\ntitulo_alt: VERDE &#8220;M\u00e1s monto&#8221;<br \/>\nlayout: normal<br \/>\nyear: 2024<br \/>\nagencia: Buenaventura<br \/>\ncliente: Verde<br \/>\nrubro: Publicidad<br \/>\nvideo: https:\/\/player.vimeo.com\/video\/931082340?dnt=1&#038;app_id=122963<\/p>\n<p>&#8212;<\/p>\n<p>title: ALADI<br \/>\ncontent:<br \/>\ntitulo_alt: Pymes Latinas<br \/>\nlayout: normal<br \/>\nyear: 2025<br \/>\nagencia: Buenaventura<br \/>\ncliente: ALADI<br \/>\nrubro: Video Marketing<br \/>\nvideo: https:\/\/player.vimeo.com\/video\/1098534804?dnt=1&#038;app_id=122963<\/p>\n<p>&#8212;<\/p>\n<p>title:<br \/>\ncontent:<br \/>\ntitulo_alt: VERDE &#8220;Prestamo UP&#8221;<br \/>\nlayout: normal<br \/>\nyear: 2022<br \/>\nagencia: Alquimia<br \/>\ncliente: Verde<br \/>\nrubro: Publicidad<br \/>\nvideo: https:\/\/www.youtube.com\/embed\/_YLuOtZ3MB0?feature=oembed<\/p>\n<p>&#8212;<\/p>\n<p>title: MIEM Uruguay Circular Optica<br \/>\ncontent: Cliente: Ministerio de Industria, Energ\u00eda y Miner\u00eda del Uruguay<\/p>\n<p>Producto: Ganadores del premio &#8220;Uruguay Circular 2025&#8221;<\/p>\n<p>Caso: Est\u00e9tica \u00d3ptica Circular<\/p>\n<p>Direcci\u00f3n y Montaje: Alejandro Michelini<\/p>\n<p>Fotograf\u00eda: Lucas Cilintano<\/p>\n<p>Producci\u00f3n: Lena Navarro<\/p>\n<p>Correcci\u00f3n de Color: Buenaventura Films<\/p>\n<p>BUENAVENTURA FILMS 2026<br \/>\ntitulo_alt: Est\u00e9tica \u00d3ptica<br \/>\nlayout: normal<br \/>\nyear: 2026<br \/>\nagencia: MIEM Uruguay<br \/>\ncliente: Gobierno del Uruguay<br \/>\nrubro: Video Testimonial<br \/>\nvideo: https:\/\/player.vimeo.com\/video\/1173397483?dnt=1&#038;app_id=122963<\/p>\n<p>&#8212;<\/p>\n<p>title: Fiesta de Descuentos<br \/>\ncontent:<br \/>\ntitulo_alt: VERDE &#8220;Fiesta de descuentos&#8221;<br \/>\nlayout: normal<br \/>\nyear: 2020<br \/>\nagencia: Alquimia<br \/>\ncliente: Verde<br \/>\nrubro: Publicidad<br \/>\nvideo: https:\/\/www.youtube.com\/embed\/ZptcSqAC_1E?feature=oembed<\/p>\n<p>&#8212;<\/p>\n<p>title: Service de Sound<br \/>\ncontent: GATO PERDIDO<\/p>\n<p>Videoclip oficial<\/p>\n<p>Banda: SERVICE DE SOUND<\/p>\n<p>Disco: Service de Sound<\/p>\n<p>Tema: Gato Perdido<\/p>\n<p>DIRECCI\u00d3N Alejandro Michelini<\/p>\n<p>FOTOGRAF\u00cdA Lucas Cilintano<\/p>\n<p>PRODUCCI\u00d3N Lena Navarro Manuela Irigoyen<\/p>\n<p>EDICI\u00d3N \/ COLOR GRADING Alejandro Michelini<\/p>\n<p>SERVICE DE SOUND \/ INTEGRANTES Nico Barcia Guitarra y voces Jos\u00e9 Nozar Bater\u00eda y percusi\u00f3n Nacho Echevarr\u00eda Teclado y voces<\/p>\n<p>AGRADECIMIENTOS LOS OLMOS \/ LATU Tecnicatura en Audiovisuales de UTU Director: Miguel Venturiello Coordinador: Andr\u00e9s Costa Asistentes t\u00e9cnicos: Lucero Trelles, Eder Fructos, Gianina Digenio, Arianna Ottonelli Direcci\u00f3n de fotograf\u00eda: Lucas Cilintano En conjunto con el grupo de \u201cImagen Electr\u00f3nica\u201d primer semestre de Tecnicatura Audiovisual UTU (Generaci\u00f3n 2024) BUENAVENTURA FILMS 2025<br \/>\ntitulo_alt: &#8220;Gato Perdido&#8221;<br \/>\nlayout: normal<br \/>\nyear: 2025<br \/>\nagencia: Buenaventura<br \/>\ncliente:<br \/>\nrubro: Videoclip<br \/>\nvideo: https:\/\/player.vimeo.com\/video\/1057683069?dnt=1&#038;app_id=122963<\/p>\n<p>&#8212;<\/p>\n<p>title: VAR<br \/>\ncontent: Cliente: FUCAC<\/p>\n<p>Direcci\u00f3n: Alejandro Michelini<\/p>\n<p>Fotograf\u00eda: Lucas Cilintano<\/p>\n<p>Producci\u00f3n: Lena Navarro<\/p>\n<p>Agencia: Alquimia<\/p>\n<p>Postproducci\u00f3n: Buenaventura Films<\/p>\n<p>Productora de Audio: Mezcal<\/p>\n<p>Productora de Video: Buenaventura Films<\/p>\n<p>Filmado en Montevideo, Uruguay<br \/>\ntitulo_alt: FUCAC &#8220;El cr\u00e9dito justo&#8221;<br \/>\nlayout: normal<br \/>\nyear: 2019<br \/>\nagencia: Alquimia<br \/>\ncliente: FUCAC<br \/>\nrubro: Publicidad<br \/>\nvideo: https:\/\/www.youtube.com\/embed\/8Fjr-_uOQGo?feature=oembed<\/p>\n<p>&#8212;<\/p>\n<p>title: Lugano \u00abMr Bahis\u00bb<br \/>\ncontent: Cliente: Mr Bahis<\/p>\n<p>Direcci\u00f3n: Alejandro Michelini<\/p>\n<p>Fotograf\u00eda: Lucas Cilintano<\/p>\n<p>Producci\u00f3n: Lena Navarro<\/p>\n<p>Agencia: Entourage Sport &amp; Entertainment<\/p>\n<p>Montaje y Correcci\u00f3n de color: Buenaventura Films.<\/p>\n<p>Productora audiovisual: Buenaventura Films<\/p>\n<p>Filmado en Montevideo, Uruguay<br \/>\ntitulo_alt: Diego Lugano para &#8220;Mr. Bahis&#8221;<br \/>\nlayout: normal<br \/>\nyear: 2023<br \/>\nagencia: Entourage Sport &amp; Entertainment<br \/>\ncliente: Entourage Sport &amp; Entertainment<br \/>\nrubro: Video Marketing<br \/>\nvideo: https:\/\/player.vimeo.com\/video\/781482841?dnt=1&#038;app_id=122963<\/p>\n<p>&#8212;<\/p>\n<p>title: Datalytics<br \/>\ncontent:<br \/>\ntitulo_alt: Lovelytics<br \/>\nlayout: normal<br \/>\nyear: 2025<br \/>\nagencia: Buenaventura<br \/>\ncliente: Lovelytics<br \/>\nrubro: Video Testimonial<br \/>\nvideo: https:\/\/player.vimeo.com\/video\/1091295760?dnt=1&#038;app_id=122963<\/p>\n<p>&#8212;<\/p>\n<p>title: Canales<br \/>\ncontent: Cliente: VERDE<\/p>\n<p>Direcci\u00f3n: Alejandro Michelini<\/p>\n<p>Fotograf\u00eda: Lucas Cilintano<\/p>\n<p>Producci\u00f3n: Lena Navarro<\/p>\n<p>Arte: M\u00f3nica Talam\u00e1s<\/p>\n<p>Agencia: Alquimia<\/p>\n<p>Montaje y Correcci\u00f3n de color: Buenaventura Films.<\/p>\n<p>Productora de Audio: Mezcal<\/p>\n<p>Productora audiovisual: Buenaventura Films<\/p>\n<p>Filmado en Estudio Musitelli<\/p>\n<p>Montevideo, Uruguay<br \/>\ntitulo_alt: VERDE<br \/>\nComo prefieras<br \/>\nlayout: normal<br \/>\nyear: 2023<br \/>\nagencia: Alquimia<br \/>\ncliente: Verde<br \/>\nrubro: Publicidad<br \/>\nvideo: https:\/\/player.vimeo.com\/video\/806391862?dnt=1&#038;app_id=122963<\/p>\n<p>&#8212;<\/p>\n<p>title: Eber Ludue\u00f1a!<br \/>\ncontent:<br \/>\ntitulo_alt: VERDE &#8220;Eber Ludue\u00f1a&#8221;<br \/>\nlayout: normal<br \/>\nyear: 2024<br \/>\nagencia: Alquimia<br \/>\ncliente: Verde<br \/>\nrubro: Publicidad<br \/>\nvideo: https:\/\/player.vimeo.com\/video\/1063656670?dnt=1&#038;app_id=122963<\/p>\n<p>&#8212;<\/p>\n<p>title: Diciembre se festeja<br \/>\ncontent: FUCAC<br \/>\nCampa\u00f1a publicitaria para medios online y offline<br \/>\nAgencia: Alquimia Publicidad<br \/>\nDirecci\u00f3n: Alejandro Michelini<br \/>\nDirecci\u00f3n de fotograf\u00eda: Lucas Cilintano<br \/>\nJefe de Producci\u00f3n: Lena Navarro<br \/>\nDirecci\u00f3n de arte: Monica Talam\u00e1s<\/p>\n<p>&nbsp;<\/p>\n<p>Buenaventura Films<br \/>\ntitulo_alt:<br \/>\nlayout: normal<br \/>\nyear: 2020<br \/>\nagencia: Alquimia<br \/>\ncliente: FUCAC<br \/>\nrubro: Publicidad<br \/>\nvideo: https:\/\/www.youtube.com\/embed\/eTGT09dNt7s?feature=oembed<\/p>\n","protected":false},"excerpt":{"rendered":"<p>title: Reel content: Showreel de Buenaventura Films, productora audiovisual en Uruguay con experiencia en proyectos publicitarios, institucionales y corporativos para marcas, empresas y organismos p\u00fablicos. [&hellip;]<\/p>\n","protected":false},"author":1,"featured_media":0,"parent":0,"menu_order":0,"comment_status":"closed","ping_status":"closed","template":"portfolio.php","meta":{"_acf_changed":false,"footnotes":""},"class_list":["post-224","page","type-page","status-publish","hentry"],"acf":[],"_links":{"self":[{"href":"https:\/\/buenaventurafilms.com\/en\/wp-json\/wp\/v2\/pages\/224","targetHints":{"allow":["GET"]}}],"collection":[{"href":"https:\/\/buenaventurafilms.com\/en\/wp-json\/wp\/v2\/pages"}],"about":[{"href":"https:\/\/buenaventurafilms.com\/en\/wp-json\/wp\/v2\/types\/page"}],"author":[{"embeddable":true,"href":"https:\/\/buenaventurafilms.com\/en\/wp-json\/wp\/v2\/users\/1"}],"replies":[{"embeddable":true,"href":"https:\/\/buenaventurafilms.com\/en\/wp-json\/wp\/v2\/comments?post=224"}],"version-history":[{"count":11,"href":"https:\/\/buenaventurafilms.com\/en\/wp-json\/wp\/v2\/pages\/224\/revisions"}],"predecessor-version":[{"id":731,"href":"https:\/\/buenaventurafilms.com\/en\/wp-json\/wp\/v2\/pages\/224\/revisions\/731"}],"wp:attachment":[{"href":"https:\/\/buenaventurafilms.com\/en\/wp-json\/wp\/v2\/media?parent=224"}],"curies":[{"name":"wp","href":"https:\/\/api.w.org\/{rel}","templated":true}]}}